{"id":890,"date":"2024-09-16T02:19:59","date_gmt":"2024-09-16T02:19:59","guid":{"rendered":"https:\/\/approcheparlapoupee.ca\/?post_type=product&#038;p=890"},"modified":"2024-10-03T18:28:07","modified_gmt":"2024-10-03T18:28:07","slug":"poupee-reborn-elisabeth-prematuree-disponible-sur-cds-boutique","status":"publish","type":"product","link":"https:\/\/approcheparlapoupee.ca\/en\/product\/poupee-reborn-elisabeth-prematuree-disponible-sur-cds-boutique\/","title":{"rendered":"Leo premature Reborn doll available at CDS Boutique"},"content":{"rendered":"<p>Poup\u00e9e Reborn L\u00e9o est de grandeur pr\u00e9matur\u00e9e 16 pouces avec membres 1\/4 et yeux mobiles. Bien appr\u00e9ci\u00e9e des r\u00e9sidents la petite poup\u00e9e \u00c9lisabeth un petit mod\u00e8le avec yeux ouverts bleus mobiles. Elle poss\u00e8de des membres complets, p\u00e8se 2 livres. Elle porte des v\u00eatements pr\u00e9matur\u00e9s des grands magasins. Elle viendra avec une couverture, une suce de pharmacie et une attache-suce. Id\u00e9ale pour les r\u00e9sidents en soins palliatifs et pour ceux sur les unit\u00e9s proth\u00e9tiques dans les CHSLD. Poup\u00e9e disponible en ligne ou via le site CDS boutique.<\/p>","protected":false},"excerpt":{"rendered":"<p>Poup\u00e9e Reborn L\u00e9o est de grandeur pr\u00e9matur\u00e9e 16 pouces avec membres 1\/4 et yeux mobiles. Bien appr\u00e9ci\u00e9e des r\u00e9sidents la petite poup\u00e9e \u00c9lisabeth un petit mod\u00e8le avec yeux ouverts bleus mobiles. Elle poss\u00e8de des membres complets, p\u00e8se 2 livres. Elle porte des v\u00eatements pr\u00e9matur\u00e9s des grands magasins. Elle viendra avec une couverture, une suce de [&hellip;]<\/p>","protected":false},"featured_media":1276,"comment_status":"open","ping_status":"closed","template":"","meta":[],"product_cat":[],"product_tag":[],"class_list":{"0":"post-890","1":"product","2":"type-product","3":"status-publish","4":"has-post-thumbnail","7":"first","8":"outofstock","9":"taxable","10":"shipping-taxable","11":"purchasable","12":"product-type-simple"},"jetpack_sharing_enabled":true,"_links":{"self":[{"href":"https:\/\/approcheparlapoupee.ca\/en\/wp-json\/wp\/v2\/product\/890","targetHints":{"allow":["GET"]}}],"collection":[{"href":"https:\/\/approcheparlapoupee.ca\/en\/wp-json\/wp\/v2\/product"}],"about":[{"href":"https:\/\/approcheparlapoupee.ca\/en\/wp-json\/wp\/v2\/types\/product"}],"replies":[{"embeddable":true,"href":"https:\/\/approcheparlapoupee.ca\/en\/wp-json\/wp\/v2\/comments?post=890"}],"wp:featuredmedia":[{"embeddable":true,"href":"https:\/\/approcheparlapoupee.ca\/en\/wp-json\/wp\/v2\/media\/1276"}],"wp:attachment":[{"href":"https:\/\/approcheparlapoupee.ca\/en\/wp-json\/wp\/v2\/media?parent=890"}],"wp:term":[{"taxonomy":"product_cat","embeddable":true,"href":"https:\/\/approcheparlapoupee.ca\/en\/wp-json\/wp\/v2\/product_cat?post=890"},{"taxonomy":"product_tag","embeddable":true,"href":"https:\/\/approcheparlapoupee.ca\/en\/wp-json\/wp\/v2\/product_tag?post=890"}],"curies":[{"name":"wp","href":"https:\/\/api.w.org\/{rel}","templated":true}]}}