{"id":879,"date":"2024-09-16T02:35:34","date_gmt":"2024-09-16T02:35:34","guid":{"rendered":"https:\/\/approcheparlapoupee.ca\/?post_type=product&#038;p=879"},"modified":"2025-01-13T22:24:01","modified_gmt":"2025-01-13T22:24:01","slug":"poupee-lin-modele-asiatique-membres-1-4-disponible-sur-cds-boutique","status":"publish","type":"product","link":"https:\/\/approcheparlapoupee.ca\/en\/product\/poupee-lin-modele-asiatique-membres-1-4-disponible-sur-cds-boutique\/","title":{"rendered":"Poup\u00e9e Reborn Lin mod\u00e8le asiatique membres 1\/4. Disponible sur CDS Boutique."},"content":{"rendered":"<p>Asian Lin doll with 1\/4 limbs on a cloth body. She Has acrylic brown eyes. She measures 19 inches. Her hair is painted black and her eyelashes are rooted with black mohair. She wears diapers and clothes from department stores size 0-3 month.The doll has a light baby scent powder wafer in her body. She will come with a blanket, pacifier and pacifier clip. Ideal for doll therapy with seniors with Alzheimer's. A great reminiscence activity. Available online or from the CDS Boutique catalog.<\/p>","protected":false},"excerpt":{"rendered":"<p>Poup\u00e9e Lin mod\u00e8le asiatique poss\u00e8de des membres 1\/4. A les yeux ouverts bruns en acrylique. Elle mesure 19 pouces. Ces cheveux sont peints noirs et ses cils sont piqu\u00e9s \u00e0 l&#8217;aiguille avec du mohair noir. Elle porte des couches et des v\u00eatements des grands magasins. Elle viendra avec une couverture, une suce de pharmacie et [&hellip;]<\/p>","protected":false},"featured_media":1283,"comment_status":"open","ping_status":"closed","template":"","meta":[],"product_cat":[],"product_tag":[],"class_list":{"0":"post-879","1":"product","2":"type-product","3":"status-publish","4":"has-post-thumbnail","7":"first","8":"outofstock","9":"taxable","10":"shipping-taxable","11":"purchasable","12":"product-type-simple"},"jetpack_sharing_enabled":true,"_links":{"self":[{"href":"https:\/\/approcheparlapoupee.ca\/en\/wp-json\/wp\/v2\/product\/879","targetHints":{"allow":["GET"]}}],"collection":[{"href":"https:\/\/approcheparlapoupee.ca\/en\/wp-json\/wp\/v2\/product"}],"about":[{"href":"https:\/\/approcheparlapoupee.ca\/en\/wp-json\/wp\/v2\/types\/product"}],"replies":[{"embeddable":true,"href":"https:\/\/approcheparlapoupee.ca\/en\/wp-json\/wp\/v2\/comments?post=879"}],"wp:featuredmedia":[{"embeddable":true,"href":"https:\/\/approcheparlapoupee.ca\/en\/wp-json\/wp\/v2\/media\/1283"}],"wp:attachment":[{"href":"https:\/\/approcheparlapoupee.ca\/en\/wp-json\/wp\/v2\/media?parent=879"}],"wp:term":[{"taxonomy":"product_cat","embeddable":true,"href":"https:\/\/approcheparlapoupee.ca\/en\/wp-json\/wp\/v2\/product_cat?post=879"},{"taxonomy":"product_tag","embeddable":true,"href":"https:\/\/approcheparlapoupee.ca\/en\/wp-json\/wp\/v2\/product_tag?post=879"}],"curies":[{"name":"wp","href":"https:\/\/api.w.org\/{rel}","templated":true}]}}