{"id":649,"date":"2024-08-23T23:37:27","date_gmt":"2024-08-23T23:37:27","guid":{"rendered":"https:\/\/dev-app.h1site.com\/?post_type=product&#038;p=649"},"modified":"2025-01-13T22:23:27","modified_gmt":"2025-01-13T22:23:27","slug":"zoe-modele-poupee-ethnique","status":"publish","type":"product","link":"https:\/\/approcheparlapoupee.ca\/en\/product\/zoe-modele-poupee-ethnique\/","title":{"rendered":"ZO\u00c9 model Ethnic Reborn doll"},"content":{"rendered":"<p>Poup\u00e9e th\u00e9rapeutique Zo\u00e9 ethnique mod\u00e8le yeux ferm\u00e9s. Elle p\u00e8se 4 livres. A des cheveux et cils noirs piqu\u00e9s \u00e0 l&#8217;aiguille, cheveux assez longs pour faire des petites tresses. Elle mesure 20 pouces.<\/p>\n<p>She wears department store baby clothes and diapers, size 0-3 months. She has 3\/4 vinyl limbs, arms and legs. She will comes with pacifier and pacifier clip. Perfect for seniors living in with cognitive disorders such as Alzheimer's disease. Ideal for children with (ASD) Autism or multiple disabilities. It can also be used for accompaniment. Also as an intervention tool for nursing staff or for parents and caregivers at home.<\/p>","protected":false},"excerpt":{"rendered":"<p>Poup\u00e9e th\u00e9rapeutique Zo\u00e9 ethnique mod\u00e8le yeux ferm\u00e9s. Elle p\u00e8se 4 livres. A des cheveux et cils noirs piqu\u00e9s \u00e0 l&#8217;aiguille, cheveux assez longs pour faire des petites tresses. Elle mesure 20 pouces. Elle porte des v\u00eatements pour b\u00e9b\u00e9 grandeur 0-3 mois des grands magasins. Poss\u00e8de des membres 3\/4 en vinyle ses bras et ses jambes [&hellip;]<\/p>","protected":false},"featured_media":1244,"comment_status":"open","ping_status":"closed","template":"","meta":[],"product_cat":[19],"product_tag":[],"class_list":{"0":"post-649","1":"product","2":"type-product","3":"status-publish","4":"has-post-thumbnail","6":"product_cat-poupees","8":"first","9":"outofstock","10":"taxable","11":"shipping-taxable","12":"purchasable","13":"product-type-simple"},"jetpack_sharing_enabled":true,"_links":{"self":[{"href":"https:\/\/approcheparlapoupee.ca\/en\/wp-json\/wp\/v2\/product\/649","targetHints":{"allow":["GET"]}}],"collection":[{"href":"https:\/\/approcheparlapoupee.ca\/en\/wp-json\/wp\/v2\/product"}],"about":[{"href":"https:\/\/approcheparlapoupee.ca\/en\/wp-json\/wp\/v2\/types\/product"}],"replies":[{"embeddable":true,"href":"https:\/\/approcheparlapoupee.ca\/en\/wp-json\/wp\/v2\/comments?post=649"}],"wp:featuredmedia":[{"embeddable":true,"href":"https:\/\/approcheparlapoupee.ca\/en\/wp-json\/wp\/v2\/media\/1244"}],"wp:attachment":[{"href":"https:\/\/approcheparlapoupee.ca\/en\/wp-json\/wp\/v2\/media?parent=649"}],"wp:term":[{"taxonomy":"product_cat","embeddable":true,"href":"https:\/\/approcheparlapoupee.ca\/en\/wp-json\/wp\/v2\/product_cat?post=649"},{"taxonomy":"product_tag","embeddable":true,"href":"https:\/\/approcheparlapoupee.ca\/en\/wp-json\/wp\/v2\/product_tag?post=649"}],"curies":[{"name":"wp","href":"https:\/\/api.w.org\/{rel}","templated":true}]}}