{"id":647,"date":"2024-08-23T23:35:43","date_gmt":"2024-08-23T23:35:43","guid":{"rendered":"https:\/\/dev-app.h1site.com\/?post_type=product&#038;p=647"},"modified":"2025-10-18T04:50:49","modified_gmt":"2025-10-18T04:50:49","slug":"daniel-poupee-calin","status":"publish","type":"product","link":"https:\/\/approcheparlapoupee.ca\/en\/product\/daniel-poupee-calin\/","title":{"rendered":"Daniel- Cuddly Reborn doll"},"content":{"rendered":"<p>Doll with fabric body and vinyl head. Model Danielle has blue eyes and weighs 3 pounds. Her hair is brown. Her eyelashes are needle-stitched with brown mohair. She wears clothes and diapers from department stores. The doll can be dressed as a boy. She is 20 inches tall. Clothes may vary from image.<\/p>","protected":false},"excerpt":{"rendered":"<p>Poup\u00e9e corps en tissu et t\u00eate en vinyle. Le mod\u00e8le Danielle a les yeux bleux, elle p\u00e8se 3 livres. Elle a les cheveux bruns. Ses cils sont piqu\u00e9s \u00e0 l&#8217;aiguille avec du mohair brun. Elle porte des v\u00eatements et des couches des grands magasins. La poup\u00e9e peux \u00eatre habill\u00e9 en gar\u00e7on. Elle mesure 20 pouces. [&hellip;]<\/p>","protected":false},"featured_media":648,"comment_status":"open","ping_status":"closed","template":"","meta":[],"product_cat":[19],"product_tag":[],"class_list":{"0":"post-647","1":"product","2":"type-product","3":"status-publish","4":"has-post-thumbnail","6":"product_cat-poupees","8":"first","9":"outofstock","10":"taxable","11":"shipping-taxable","12":"purchasable","13":"product-type-simple"},"jetpack_sharing_enabled":true,"_links":{"self":[{"href":"https:\/\/approcheparlapoupee.ca\/en\/wp-json\/wp\/v2\/product\/647","targetHints":{"allow":["GET"]}}],"collection":[{"href":"https:\/\/approcheparlapoupee.ca\/en\/wp-json\/wp\/v2\/product"}],"about":[{"href":"https:\/\/approcheparlapoupee.ca\/en\/wp-json\/wp\/v2\/types\/product"}],"replies":[{"embeddable":true,"href":"https:\/\/approcheparlapoupee.ca\/en\/wp-json\/wp\/v2\/comments?post=647"}],"wp:featuredmedia":[{"embeddable":true,"href":"https:\/\/approcheparlapoupee.ca\/en\/wp-json\/wp\/v2\/media\/648"}],"wp:attachment":[{"href":"https:\/\/approcheparlapoupee.ca\/en\/wp-json\/wp\/v2\/media?parent=647"}],"wp:term":[{"taxonomy":"product_cat","embeddable":true,"href":"https:\/\/approcheparlapoupee.ca\/en\/wp-json\/wp\/v2\/product_cat?post=647"},{"taxonomy":"product_tag","embeddable":true,"href":"https:\/\/approcheparlapoupee.ca\/en\/wp-json\/wp\/v2\/product_tag?post=647"}],"curies":[{"name":"wp","href":"https:\/\/api.w.org\/{rel}","templated":true}]}}