{"id":643,"date":"2024-08-23T23:28:58","date_gmt":"2024-08-23T23:28:58","guid":{"rendered":"https:\/\/dev-app.h1site.com\/?post_type=product&#038;p=643"},"modified":"2025-01-13T22:23:01","modified_gmt":"2025-01-13T22:23:01","slug":"poupee-calin-pour-chsld-ben-garcon-ou-fille","status":"publish","type":"product","link":"https:\/\/approcheparlapoupee.ca\/en\/product\/poupee-calin-pour-chsld-ben-garcon-ou-fille\/","title":{"rendered":"Cuddly Mila smiling girl Reborn doll for chsld available on CDS Boutique."},"content":{"rendered":"<p>Pretty, realistic smiling model loved by senior residents. Her head is vinyl on a cloth body.This model has blue eyes and brown painted hair. Her Eyelashes are rooted  with blond mohair. The doll measures 19 inches and weighs 3 pounds. She wears department stores clothes and diapers size 0-3 months. She has a light baby scent powder wafer in her body. <strong><em>available online or via the CDS Boutique catalog.<\/em><\/strong><\/p>","protected":false},"excerpt":{"rendered":"<p>Joli mod\u00e8le r\u00e9aliste souriant bien aim\u00e9 des r\u00e9sidents a\u00een\u00e9s. Peut \u00eatre habill\u00e9 en gar\u00e7on ou fille. Son corps est en tissu et sa t\u00eate en vinyle. Ce mod\u00e8le a les yeux bleus et cheveux peints ch\u00e2tains. Les cils sont piqu\u00e9s \u00e0 l\u2019aiguille avec du mohair. La poup\u00e9e mesure 19 pouces et p\u00e8se 3 livres. Elle [&hellip;]<\/p>","protected":false},"featured_media":1256,"comment_status":"open","ping_status":"closed","template":"","meta":[],"product_cat":[19],"product_tag":[],"class_list":{"0":"post-643","1":"product","2":"type-product","3":"status-publish","4":"has-post-thumbnail","6":"product_cat-poupees","8":"first","9":"outofstock","10":"taxable","11":"shipping-taxable","12":"purchasable","13":"product-type-simple"},"jetpack_sharing_enabled":true,"_links":{"self":[{"href":"https:\/\/approcheparlapoupee.ca\/en\/wp-json\/wp\/v2\/product\/643","targetHints":{"allow":["GET"]}}],"collection":[{"href":"https:\/\/approcheparlapoupee.ca\/en\/wp-json\/wp\/v2\/product"}],"about":[{"href":"https:\/\/approcheparlapoupee.ca\/en\/wp-json\/wp\/v2\/types\/product"}],"replies":[{"embeddable":true,"href":"https:\/\/approcheparlapoupee.ca\/en\/wp-json\/wp\/v2\/comments?post=643"}],"wp:featuredmedia":[{"embeddable":true,"href":"https:\/\/approcheparlapoupee.ca\/en\/wp-json\/wp\/v2\/media\/1256"}],"wp:attachment":[{"href":"https:\/\/approcheparlapoupee.ca\/en\/wp-json\/wp\/v2\/media?parent=643"}],"wp:term":[{"taxonomy":"product_cat","embeddable":true,"href":"https:\/\/approcheparlapoupee.ca\/en\/wp-json\/wp\/v2\/product_cat?post=643"},{"taxonomy":"product_tag","embeddable":true,"href":"https:\/\/approcheparlapoupee.ca\/en\/wp-json\/wp\/v2\/product_tag?post=643"}],"curies":[{"name":"wp","href":"https:\/\/api.w.org\/{rel}","templated":true}]}}