{"id":641,"date":"2024-08-23T23:27:43","date_gmt":"2024-08-23T23:27:43","guid":{"rendered":"https:\/\/dev-app.h1site.com\/?post_type=product&#038;p=641"},"modified":"2025-04-01T18:41:55","modified_gmt":"2025-04-01T18:41:55","slug":"modele-lili-modele-garcon-ou-fille-poupee-calin","status":"publish","type":"product","link":"https:\/\/approcheparlapoupee.ca\/en\/product\/modele-lili-modele-garcon-ou-fille-poupee-calin\/","title":{"rendered":"Model Tom boy or girl cuddly Reborn doll available on CDS boutique."},"content":{"rendered":"<p>Poup\u00e9e c\u00e2lin mod\u00e8le Tom yeux ferm\u00e9s. \u00c0 les cheveux peints ch\u00e2tains. La poup\u00e9e poss\u00e8de une t\u00eate en vinyle sur un corps en tissu. Mesure 19 pouces la poup\u00e9e porte des couches et v\u00eatements 0-3 mois des grands magasins. Elle viendra avec une suce de pharmacie et attache suce. Bien appr\u00e9ci\u00e9e par les r\u00e9sidents en chsld elle p\u00e8se 2.5 livres. Peut-\u00eatre \u00eatre habill\u00e9 en fille ou gar\u00e7on. <strong><em>available online or via the CDS Boutique catalog.<\/em><\/strong><\/p>","protected":false},"excerpt":{"rendered":"<p>Poup\u00e9e c\u00e2lin mod\u00e8le Tom yeux ferm\u00e9s. \u00c0 les cheveux peints ch\u00e2tains. La poup\u00e9e poss\u00e8de une t\u00eate en vinyle sur un corps en tissu. Mesure 19 pouces la poup\u00e9e porte des couches et v\u00eatements 0-3 mois des grands magasins. Elle viendra avec une suce de pharmacie et attache suce. Bien appr\u00e9ci\u00e9e par les r\u00e9sidents en chsld [&hellip;]<\/p>","protected":false},"featured_media":1394,"comment_status":"open","ping_status":"closed","template":"","meta":[],"product_cat":[19],"product_tag":[],"class_list":{"0":"post-641","1":"product","2":"type-product","3":"status-publish","4":"has-post-thumbnail","6":"product_cat-poupees","8":"first","9":"outofstock","10":"taxable","11":"shipping-taxable","12":"purchasable","13":"product-type-simple"},"jetpack_sharing_enabled":true,"_links":{"self":[{"href":"https:\/\/approcheparlapoupee.ca\/en\/wp-json\/wp\/v2\/product\/641","targetHints":{"allow":["GET"]}}],"collection":[{"href":"https:\/\/approcheparlapoupee.ca\/en\/wp-json\/wp\/v2\/product"}],"about":[{"href":"https:\/\/approcheparlapoupee.ca\/en\/wp-json\/wp\/v2\/types\/product"}],"replies":[{"embeddable":true,"href":"https:\/\/approcheparlapoupee.ca\/en\/wp-json\/wp\/v2\/comments?post=641"}],"wp:featuredmedia":[{"embeddable":true,"href":"https:\/\/approcheparlapoupee.ca\/en\/wp-json\/wp\/v2\/media\/1394"}],"wp:attachment":[{"href":"https:\/\/approcheparlapoupee.ca\/en\/wp-json\/wp\/v2\/media?parent=641"}],"wp:term":[{"taxonomy":"product_cat","embeddable":true,"href":"https:\/\/approcheparlapoupee.ca\/en\/wp-json\/wp\/v2\/product_cat?post=641"},{"taxonomy":"product_tag","embeddable":true,"href":"https:\/\/approcheparlapoupee.ca\/en\/wp-json\/wp\/v2\/product_tag?post=641"}],"curies":[{"name":"wp","href":"https:\/\/api.w.org\/{rel}","templated":true}]}}