{"id":1693,"date":"2025-04-20T18:21:55","date_gmt":"2025-04-20T18:21:55","guid":{"rendered":"https:\/\/approcheparlapoupee.ca\/produit\/formation-en-ligne-sur-formaclic-com\/"},"modified":"2025-10-18T05:52:36","modified_gmt":"2025-10-18T05:52:36","slug":"formation-en-ligne-sur-formaclic-com","status":"publish","type":"product","link":"https:\/\/approcheparlapoupee.ca\/en\/product\/formation-en-ligne-sur-formaclic-com\/","title":{"rendered":"Formation en ligne sur Formaclic.com"},"content":{"rendered":"<p>La formation en ligne inclus 12 capsules vid\u00e9os informatives, un cahier de formation de 39 pages en format PDF ainsi qu&#8217;une Aide-M\u00e9moire de 8 pages pour faire des photocopies pour les d\u00e9partements de soins infirmiers.<\/p>\n<p>One hour duration. Doll therapy training explains why, where, when and how we can use an adapted Reborn doll with a senior resident.<\/p>\n<p>Optionnel, j&#8217;offre une p\u00e9riode de questions de 30 minutes sur la plateforme Teams RV disponible par courriel : vendettelouise@gmail.com<\/p>\n<p>Ma formation n&#8217;est pas accr\u00e9dit\u00e9e pr\u00e9sentement.<\/p>\n<p>Prix : 695 $<\/p>\n<p>Pour acheter cette formation vous devez aller sur la plateforme Formaclic.com<\/p>\n<p>Acc\u00e8s \u00e0 la formation 60 jours.<\/p>","protected":false},"excerpt":{"rendered":"<p>La formation en ligne inclus 12 capsules vid\u00e9os informatives, un cahier de formation de 39 pages en format PDF ainsi qu&#8217;une Aide-M\u00e9moire de 8 pages pour faire des photocopies pour les d\u00e9partements de soins infirmiers. Dur\u00e9e de une heure. La formation sur la th\u00e9rapie par la poup\u00e9e explique le pourquoi, o\u00f9, quand et comment nous [&hellip;]<\/p>","protected":false},"featured_media":1692,"comment_status":"open","ping_status":"closed","template":"","meta":[],"product_cat":[18],"product_tag":[],"class_list":{"0":"post-1693","1":"product","2":"type-product","3":"status-publish","4":"has-post-thumbnail","6":"product_cat-formation","8":"first","9":"outofstock","10":"virtual","11":"taxable","12":"purchasable","13":"product-type-simple"},"jetpack_sharing_enabled":true,"_links":{"self":[{"href":"https:\/\/approcheparlapoupee.ca\/en\/wp-json\/wp\/v2\/product\/1693","targetHints":{"allow":["GET"]}}],"collection":[{"href":"https:\/\/approcheparlapoupee.ca\/en\/wp-json\/wp\/v2\/product"}],"about":[{"href":"https:\/\/approcheparlapoupee.ca\/en\/wp-json\/wp\/v2\/types\/product"}],"replies":[{"embeddable":true,"href":"https:\/\/approcheparlapoupee.ca\/en\/wp-json\/wp\/v2\/comments?post=1693"}],"wp:featuredmedia":[{"embeddable":true,"href":"https:\/\/approcheparlapoupee.ca\/en\/wp-json\/wp\/v2\/media\/1692"}],"wp:attachment":[{"href":"https:\/\/approcheparlapoupee.ca\/en\/wp-json\/wp\/v2\/media?parent=1693"}],"wp:term":[{"taxonomy":"product_cat","embeddable":true,"href":"https:\/\/approcheparlapoupee.ca\/en\/wp-json\/wp\/v2\/product_cat?post=1693"},{"taxonomy":"product_tag","embeddable":true,"href":"https:\/\/approcheparlapoupee.ca\/en\/wp-json\/wp\/v2\/product_tag?post=1693"}],"curies":[{"name":"wp","href":"https:\/\/api.w.org\/{rel}","templated":true}]}}