{"id":1621,"date":"2024-11-25T21:59:08","date_gmt":"2024-11-25T21:59:08","guid":{"rendered":"https:\/\/approcheparlapoupee.ca\/produit\/poupee-calin-charles\/"},"modified":"2025-03-12T20:24:16","modified_gmt":"2025-03-12T20:24:16","slug":"poupee-reborn-calin-charles","status":"publish","type":"product","link":"https:\/\/approcheparlapoupee.ca\/en\/product\/poupee-reborn-calin-charles\/","title":{"rendered":"Charles Reborn doll with limbs"},"content":{"rendered":"<p>Poup\u00e9e Reborn Charles r\u00e9aliste souriante avec membres. Il p\u00e8se 4 livres. \u00c0 les yeux bleus et ses cheveux sont peints noirs. Ses cils sont piqu\u00e9s \u00e0 l&#8217;aiguille avec du mohair noir. Il mesure 20 pouces. Il porte des v\u00eatements des grands magasins 0-3 mois. Parfait pour les r\u00e9sidents en chsld pour des activit\u00e9s et pour de l&#8217;accompagnement. Il porte une pastille senteur de poudre pour b\u00e9b\u00e9. Il viendra avec un petit guide d&#8217;utilisation pour le personnel qui travaille en g\u00e9riatrie.<\/p>","protected":false},"excerpt":{"rendered":"<p>Poup\u00e9e Reborn Charles r\u00e9aliste souriante avec membres. Il p\u00e8se 4 livres. \u00c0 les yeux bleus et ses cheveux sont peints noirs. Ses cils sont piqu\u00e9s \u00e0 l&#8217;aiguille avec du mohair noir. Il mesure 20 pouces. Il porte des v\u00eatements des grands magasins 0-3 mois. Parfait pour les r\u00e9sidents en chsld pour des activit\u00e9s et pour [&hellip;]<\/p>","protected":false},"featured_media":1619,"comment_status":"open","ping_status":"closed","template":"","meta":[],"product_cat":[19],"product_tag":[],"class_list":{"0":"post-1621","1":"product","2":"type-product","3":"status-publish","4":"has-post-thumbnail","6":"product_cat-poupees","8":"first","9":"outofstock","10":"taxable","11":"shipping-taxable","12":"purchasable","13":"product-type-simple"},"jetpack_sharing_enabled":true,"_links":{"self":[{"href":"https:\/\/approcheparlapoupee.ca\/en\/wp-json\/wp\/v2\/product\/1621","targetHints":{"allow":["GET"]}}],"collection":[{"href":"https:\/\/approcheparlapoupee.ca\/en\/wp-json\/wp\/v2\/product"}],"about":[{"href":"https:\/\/approcheparlapoupee.ca\/en\/wp-json\/wp\/v2\/types\/product"}],"replies":[{"embeddable":true,"href":"https:\/\/approcheparlapoupee.ca\/en\/wp-json\/wp\/v2\/comments?post=1621"}],"wp:featuredmedia":[{"embeddable":true,"href":"https:\/\/approcheparlapoupee.ca\/en\/wp-json\/wp\/v2\/media\/1619"}],"wp:attachment":[{"href":"https:\/\/approcheparlapoupee.ca\/en\/wp-json\/wp\/v2\/media?parent=1621"}],"wp:term":[{"taxonomy":"product_cat","embeddable":true,"href":"https:\/\/approcheparlapoupee.ca\/en\/wp-json\/wp\/v2\/product_cat?post=1621"},{"taxonomy":"product_tag","embeddable":true,"href":"https:\/\/approcheparlapoupee.ca\/en\/wp-json\/wp\/v2\/product_tag?post=1621"}],"curies":[{"name":"wp","href":"https:\/\/api.w.org\/{rel}","templated":true}]}}