{"id":1612,"date":"2024-11-13T06:11:23","date_gmt":"2024-11-13T06:11:23","guid":{"rendered":"https:\/\/approcheparlapoupee.ca\/produit\/mannequin-ecole-soins-infirmiers-sur-commande\/"},"modified":"2025-10-18T04:49:15","modified_gmt":"2025-10-18T04:49:15","slug":"poupee-reborn-mannequin-ecole-soins-infirmiers","status":"publish","type":"product","link":"https:\/\/approcheparlapoupee.ca\/en\/product\/poupee-reborn-mannequin-ecole-soins-infirmiers\/","title":{"rendered":"Mannequin Reborn nursing school doll made to order"},"content":{"rendered":"<p>Realistic cyanotic newborn school dummy with ventral and dorsal plates. Measures 18 inches.<\/p>\n<p>Ideal for nursing students. We can perform the clinical examination of the newborn, the feeding technique and CPR. Weighs 5 pounds, wears diapers and department store clothes. His eyes are made of blue glass. His hair is painted chestnut brown and his eyelashes are needle-stitched with mohair.<\/p>","protected":false},"excerpt":{"rendered":"<p>Mannequin \u00e9cole r\u00e9aliste nouveau-n\u00e9 cyanos\u00e9 avec plaque ventrale et dorsale. Il mesure 18 pouces. Id\u00e9ale pour les \u00e9tudiants en soins infirmiers. Nous pouvons r\u00e9aliser l&#8217;examen clinique du nouveau n\u00e9, faire la technique du gavage et pratiquer le RCR. Il p\u00e8se 5 livres porte des couches et v\u00eatements des grands magasins. A des yeux en vitre [&hellip;]<\/p>","protected":false},"featured_media":1604,"comment_status":"open","ping_status":"closed","template":"","meta":[],"product_cat":[19],"product_tag":[],"class_list":{"0":"post-1612","1":"product","2":"type-product","3":"status-publish","4":"has-post-thumbnail","6":"product_cat-poupees","8":"first","9":"outofstock","10":"taxable","11":"shipping-taxable","12":"purchasable","13":"product-type-simple"},"jetpack_sharing_enabled":true,"_links":{"self":[{"href":"https:\/\/approcheparlapoupee.ca\/en\/wp-json\/wp\/v2\/product\/1612","targetHints":{"allow":["GET"]}}],"collection":[{"href":"https:\/\/approcheparlapoupee.ca\/en\/wp-json\/wp\/v2\/product"}],"about":[{"href":"https:\/\/approcheparlapoupee.ca\/en\/wp-json\/wp\/v2\/types\/product"}],"replies":[{"embeddable":true,"href":"https:\/\/approcheparlapoupee.ca\/en\/wp-json\/wp\/v2\/comments?post=1612"}],"wp:featuredmedia":[{"embeddable":true,"href":"https:\/\/approcheparlapoupee.ca\/en\/wp-json\/wp\/v2\/media\/1604"}],"wp:attachment":[{"href":"https:\/\/approcheparlapoupee.ca\/en\/wp-json\/wp\/v2\/media?parent=1612"}],"wp:term":[{"taxonomy":"product_cat","embeddable":true,"href":"https:\/\/approcheparlapoupee.ca\/en\/wp-json\/wp\/v2\/product_cat?post=1612"},{"taxonomy":"product_tag","embeddable":true,"href":"https:\/\/approcheparlapoupee.ca\/en\/wp-json\/wp\/v2\/product_tag?post=1612"}],"curies":[{"name":"wp","href":"https:\/\/api.w.org\/{rel}","templated":true}]}}