{"id":1601,"date":"2024-11-13T05:53:05","date_gmt":"2024-11-13T05:53:05","guid":{"rendered":"https:\/\/approcheparlapoupee.ca\/produit\/poupee-calin-souriante-marco\/"},"modified":"2025-01-13T22:35:13","modified_gmt":"2025-01-13T22:35:13","slug":"poupee-reborn-calin-souriante-marco","status":"publish","type":"product","link":"https:\/\/approcheparlapoupee.ca\/en\/product\/poupee-reborn-calin-souriante-marco\/","title":{"rendered":"Max cuddly smiling Reborn doll"},"content":{"rendered":"<p>Poup\u00e9e c\u00e2lin souriante Max p\u00e8se 3 livres mesure 21 pouces. \u00c0 les cheveux peints bruns et ses cils bruns en mohair sont piqu\u00e9s \u00e0 l&#8217;aiguille. Ses yeux sont bleus clairs. Il porte des v\u00eatements des grands magasins 0-3 mois ainsi que les couches de pharmacies. Il fera le bonheur des r\u00e9sidents qui aiment les b\u00e9b\u00e9s!<\/p>","protected":false},"excerpt":{"rendered":"<p>Poup\u00e9e c\u00e2lin souriante Max p\u00e8se 3 livres mesure 21 pouces. \u00c0 les cheveux peints bruns et ses cils bruns en mohair sont piqu\u00e9s \u00e0 l&#8217;aiguille. Ses yeux sont bleus clairs. Il porte des v\u00eatements des grands magasins 0-3 mois ainsi que les couches de pharmacies. Il fera le bonheur des r\u00e9sidents qui aiment les b\u00e9b\u00e9s!<\/p>","protected":false},"featured_media":1600,"comment_status":"open","ping_status":"closed","template":"","meta":[],"product_cat":[19],"product_tag":[],"class_list":{"0":"post-1601","1":"product","2":"type-product","3":"status-publish","4":"has-post-thumbnail","6":"product_cat-poupees","8":"first","9":"outofstock","10":"taxable","11":"shipping-taxable","12":"purchasable","13":"product-type-simple"},"jetpack_sharing_enabled":true,"_links":{"self":[{"href":"https:\/\/approcheparlapoupee.ca\/en\/wp-json\/wp\/v2\/product\/1601","targetHints":{"allow":["GET"]}}],"collection":[{"href":"https:\/\/approcheparlapoupee.ca\/en\/wp-json\/wp\/v2\/product"}],"about":[{"href":"https:\/\/approcheparlapoupee.ca\/en\/wp-json\/wp\/v2\/types\/product"}],"replies":[{"embeddable":true,"href":"https:\/\/approcheparlapoupee.ca\/en\/wp-json\/wp\/v2\/comments?post=1601"}],"wp:featuredmedia":[{"embeddable":true,"href":"https:\/\/approcheparlapoupee.ca\/en\/wp-json\/wp\/v2\/media\/1600"}],"wp:attachment":[{"href":"https:\/\/approcheparlapoupee.ca\/en\/wp-json\/wp\/v2\/media?parent=1601"}],"wp:term":[{"taxonomy":"product_cat","embeddable":true,"href":"https:\/\/approcheparlapoupee.ca\/en\/wp-json\/wp\/v2\/product_cat?post=1601"},{"taxonomy":"product_tag","embeddable":true,"href":"https:\/\/approcheparlapoupee.ca\/en\/wp-json\/wp\/v2\/product_tag?post=1601"}],"curies":[{"name":"wp","href":"https:\/\/api.w.org\/{rel}","templated":true}]}}