{"id":1569,"date":"2024-11-07T00:32:22","date_gmt":"2024-11-07T00:32:22","guid":{"rendered":"https:\/\/approcheparlapoupee.ca\/?post_type=product&#038;p=1569"},"modified":"2025-01-13T22:35:31","modified_gmt":"2025-01-13T22:35:31","slug":"poupee-reborn-calin-souriante-joelle","status":"publish","type":"product","link":"https:\/\/approcheparlapoupee.ca\/en\/product\/poupee-reborn-calin-souriante-joelle\/","title":{"rendered":"Jo\u00eblle smiling cuddly Reborn doll"},"content":{"rendered":"<p>Poup\u00e9e t\u00eate en vinyle sur un corps en tissu. Mod\u00e8le souriant. Elle mesure 20 pouces p\u00e8se 3,5 livres. \u00c0 les yeux bleus. Ses cheveux sont peints blonds et ses cils sont piqu\u00e9s \u00e0 l&#8217;aiguille avec du mohair blond. Elle poss\u00e8de une petite pastille qui a la senteur de poudre pour b\u00e9b\u00e9 dans son corps. Elle porte des v\u00eatements et couches pour b\u00e9b\u00e9s 0-3 mois des grands magasins. Elle fera le bonheur de vos r\u00e9sidents!<\/p>","protected":false},"excerpt":{"rendered":"<p>Poup\u00e9e t\u00eate en vinyle sur un corps en tissu. Mod\u00e8le souriant. Elle mesure 20 pouces p\u00e8se 3,5 livres. \u00c0 les yeux bleus. Ses cheveux sont peints blonds et ses cils sont piqu\u00e9s \u00e0 l&#8217;aiguille avec du mohair blond. Elle poss\u00e8de une petite pastille qui a la senteur de poudre pour b\u00e9b\u00e9 dans son corps. Elle [&hellip;]<\/p>","protected":false},"featured_media":1572,"comment_status":"open","ping_status":"closed","template":"","meta":[],"product_cat":[19],"product_tag":[],"class_list":{"0":"post-1569","1":"product","2":"type-product","3":"status-publish","4":"has-post-thumbnail","6":"product_cat-poupees","8":"first","9":"outofstock","10":"taxable","11":"shipping-taxable","12":"purchasable","13":"product-type-simple"},"jetpack_sharing_enabled":true,"_links":{"self":[{"href":"https:\/\/approcheparlapoupee.ca\/en\/wp-json\/wp\/v2\/product\/1569","targetHints":{"allow":["GET"]}}],"collection":[{"href":"https:\/\/approcheparlapoupee.ca\/en\/wp-json\/wp\/v2\/product"}],"about":[{"href":"https:\/\/approcheparlapoupee.ca\/en\/wp-json\/wp\/v2\/types\/product"}],"replies":[{"embeddable":true,"href":"https:\/\/approcheparlapoupee.ca\/en\/wp-json\/wp\/v2\/comments?post=1569"}],"wp:featuredmedia":[{"embeddable":true,"href":"https:\/\/approcheparlapoupee.ca\/en\/wp-json\/wp\/v2\/media\/1572"}],"wp:attachment":[{"href":"https:\/\/approcheparlapoupee.ca\/en\/wp-json\/wp\/v2\/media?parent=1569"}],"wp:term":[{"taxonomy":"product_cat","embeddable":true,"href":"https:\/\/approcheparlapoupee.ca\/en\/wp-json\/wp\/v2\/product_cat?post=1569"},{"taxonomy":"product_tag","embeddable":true,"href":"https:\/\/approcheparlapoupee.ca\/en\/wp-json\/wp\/v2\/product_tag?post=1569"}],"curies":[{"name":"wp","href":"https:\/\/api.w.org\/{rel}","templated":true}]}}