{"id":1559,"date":"2024-11-07T00:21:41","date_gmt":"2024-11-07T00:21:41","guid":{"rendered":"https:\/\/approcheparlapoupee.ca\/produit\/poupee-calin-souriante\/"},"modified":"2025-01-13T22:35:44","modified_gmt":"2025-01-13T22:35:44","slug":"poupee-reborn-calin-souriante","status":"publish","type":"product","link":"https:\/\/approcheparlapoupee.ca\/en\/product\/poupee-reborn-calin-souriante\/","title":{"rendered":"Smiling cuddly Reborn doll"},"content":{"rendered":"<p>Poup\u00e9e souriante Jo\u00ebl elle p\u00e8se 3,5 livres. A les yeux bleus. Ses cheveux sont peints ch\u00e2tains bruns. Ses cils bruns sont piqu\u00e9s \u00e0 l&#8217;aiguille avec du mohair. Poss\u00e8de une petite pastille gaufr\u00e9e senteur pour b\u00e9b\u00e9 \u00e0 l&#8217;int\u00e9rieur de son corps. Elle mesure 20 pouces. Elle porte des v\u00eatements et couches pour b\u00e9b\u00e9 des grands magasins 0-3 mois. Elle fera le bonheur de vos r\u00e9sidents.<\/p>","protected":false},"excerpt":{"rendered":"<p>Poup\u00e9e souriante Jo\u00ebl elle p\u00e8se 3,5 livres. A les yeux bleus. Ses cheveux sont peints ch\u00e2tains bruns. Ses cils bruns sont piqu\u00e9s \u00e0 l&#8217;aiguille avec du mohair. Poss\u00e8de une petite pastille gaufr\u00e9e senteur pour b\u00e9b\u00e9 \u00e0 l&#8217;int\u00e9rieur de son corps. Elle mesure 20 pouces. Elle porte des v\u00eatements et couches pour b\u00e9b\u00e9 des grands magasins [&hellip;]<\/p>","protected":false},"featured_media":1557,"comment_status":"open","ping_status":"closed","template":"","meta":[],"product_cat":[19],"product_tag":[],"class_list":{"0":"post-1559","1":"product","2":"type-product","3":"status-publish","4":"has-post-thumbnail","6":"product_cat-poupees","8":"first","9":"outofstock","10":"taxable","11":"shipping-taxable","12":"purchasable","13":"product-type-simple"},"jetpack_sharing_enabled":true,"_links":{"self":[{"href":"https:\/\/approcheparlapoupee.ca\/en\/wp-json\/wp\/v2\/product\/1559","targetHints":{"allow":["GET"]}}],"collection":[{"href":"https:\/\/approcheparlapoupee.ca\/en\/wp-json\/wp\/v2\/product"}],"about":[{"href":"https:\/\/approcheparlapoupee.ca\/en\/wp-json\/wp\/v2\/types\/product"}],"replies":[{"embeddable":true,"href":"https:\/\/approcheparlapoupee.ca\/en\/wp-json\/wp\/v2\/comments?post=1559"}],"wp:featuredmedia":[{"embeddable":true,"href":"https:\/\/approcheparlapoupee.ca\/en\/wp-json\/wp\/v2\/media\/1557"}],"wp:attachment":[{"href":"https:\/\/approcheparlapoupee.ca\/en\/wp-json\/wp\/v2\/media?parent=1559"}],"wp:term":[{"taxonomy":"product_cat","embeddable":true,"href":"https:\/\/approcheparlapoupee.ca\/en\/wp-json\/wp\/v2\/product_cat?post=1559"},{"taxonomy":"product_tag","embeddable":true,"href":"https:\/\/approcheparlapoupee.ca\/en\/wp-json\/wp\/v2\/product_tag?post=1559"}],"curies":[{"name":"wp","href":"https:\/\/api.w.org\/{rel}","templated":true}]}}