{"id":1545,"date":"2024-11-05T23:18:08","date_gmt":"2024-11-05T23:18:08","guid":{"rendered":"https:\/\/approcheparlapoupee.ca\/produit\/conference-via-teams\/"},"modified":"2025-10-18T05:55:36","modified_gmt":"2025-10-18T05:55:36","slug":"conference-via-teams","status":"publish","type":"product","link":"https:\/\/approcheparlapoupee.ca\/en\/product\/conference-via-teams\/","title":{"rendered":"Conference via Teams"},"content":{"rendered":"<p>Conf\u00e9rence de une heure disponible via Teams avec Power Point de 18 pages pour les r\u00e9gions \u00e9loign\u00e9es. Inclus le Power Point par courriel \u00e0 faire imprimer et l&#8217;aide m\u00e9moire de 8 pages. Livre disponible \u00e0 part en fran\u00e7ais ou en anglais : Th\u00e9rapie compl\u00e9mentaire de soins l&#8217;approche par la poup\u00e9e \/ Doll Therapy. On peut me rejoindre par t\u00e9l\u00e9phone pour un RV au 514-977-3813<\/p>","protected":false},"excerpt":{"rendered":"<p>Conf\u00e9rence de une heure disponible via Teams avec Power Point de 18 pages pour les r\u00e9gions \u00e9loign\u00e9es. Inclus le Power Point par courriel \u00e0 faire imprimer et l&#8217;aide m\u00e9moire de 8 pages. Livre disponible \u00e0 part en fran\u00e7ais ou en anglais : Th\u00e9rapie compl\u00e9mentaire de soins l&#8217;approche par la poup\u00e9e \/ Doll Therapy. On peut [&hellip;]<\/p>","protected":false},"featured_media":1540,"comment_status":"open","ping_status":"closed","template":"","meta":[],"product_cat":[18],"product_tag":[],"class_list":{"0":"post-1545","1":"product","2":"type-product","3":"status-publish","4":"has-post-thumbnail","6":"product_cat-formation","8":"first","9":"outofstock","10":"taxable","11":"shipping-taxable","12":"purchasable","13":"product-type-simple"},"jetpack_sharing_enabled":true,"_links":{"self":[{"href":"https:\/\/approcheparlapoupee.ca\/en\/wp-json\/wp\/v2\/product\/1545","targetHints":{"allow":["GET"]}}],"collection":[{"href":"https:\/\/approcheparlapoupee.ca\/en\/wp-json\/wp\/v2\/product"}],"about":[{"href":"https:\/\/approcheparlapoupee.ca\/en\/wp-json\/wp\/v2\/types\/product"}],"replies":[{"embeddable":true,"href":"https:\/\/approcheparlapoupee.ca\/en\/wp-json\/wp\/v2\/comments?post=1545"}],"wp:featuredmedia":[{"embeddable":true,"href":"https:\/\/approcheparlapoupee.ca\/en\/wp-json\/wp\/v2\/media\/1540"}],"wp:attachment":[{"href":"https:\/\/approcheparlapoupee.ca\/en\/wp-json\/wp\/v2\/media?parent=1545"}],"wp:term":[{"taxonomy":"product_cat","embeddable":true,"href":"https:\/\/approcheparlapoupee.ca\/en\/wp-json\/wp\/v2\/product_cat?post=1545"},{"taxonomy":"product_tag","embeddable":true,"href":"https:\/\/approcheparlapoupee.ca\/en\/wp-json\/wp\/v2\/product_tag?post=1545"}],"curies":[{"name":"wp","href":"https:\/\/api.w.org\/{rel}","templated":true}]}}