{"id":1516,"date":"2024-11-04T08:59:43","date_gmt":"2024-11-04T08:59:43","guid":{"rendered":"https:\/\/approcheparlapoupee.ca\/produit\/poupee-corps-calin-joel\/"},"modified":"2025-01-13T22:35:59","modified_gmt":"2025-01-13T22:35:59","slug":"poupee-reborn-corps-calin-joel","status":"publish","type":"product","link":"https:\/\/approcheparlapoupee.ca\/en\/product\/poupee-reborn-corps-calin-joel\/","title":{"rendered":"Reborn doll cuddly body smiling Joel"},"content":{"rendered":"<p>Poup\u00e9e Jo\u00ebl souriante a une t\u00eate en vinyle sur un corps en tissu. Parfait pour toutes personnes qui aiment le b\u00e9b\u00e9s. Il a les yeux bleus et p\u00e8se 3 livres.<\/p>\n<p>Ses cheveux ch\u00e2tains sont peints et ses cils sont piqu\u00e9s \u00e0 l&#8217;aiguille avec du mohair. Il mesure 20 pouces et porte des v\u00eatements 0-3 mois des grands magasins. Il poss\u00e8de une petite pastille dans son corps qui sent la poudre pour b\u00e9b\u00e9.<\/p>\n<p>Ses v\u00eatements peuvent varier des images.<\/p>","protected":false},"excerpt":{"rendered":"<p>Poup\u00e9e Jo\u00ebl souriante a une t\u00eate en vinyle sur un corps en tissu. Parfait pour toutes personnes qui aiment le b\u00e9b\u00e9s. Il a les yeux bleus et p\u00e8se 3 livres. Ses cheveux ch\u00e2tains sont peints et ses cils sont piqu\u00e9s \u00e0 l&#8217;aiguille avec du mohair. Il mesure 20 pouces et porte des v\u00eatements 0-3 mois [&hellip;]<\/p>","protected":false},"featured_media":1508,"comment_status":"open","ping_status":"closed","template":"","meta":[],"product_cat":[19],"product_tag":[],"class_list":{"0":"post-1516","1":"product","2":"type-product","3":"status-publish","4":"has-post-thumbnail","6":"product_cat-poupees","8":"first","9":"outofstock","10":"taxable","11":"shipping-taxable","12":"purchasable","13":"product-type-simple"},"jetpack_sharing_enabled":true,"_links":{"self":[{"href":"https:\/\/approcheparlapoupee.ca\/en\/wp-json\/wp\/v2\/product\/1516","targetHints":{"allow":["GET"]}}],"collection":[{"href":"https:\/\/approcheparlapoupee.ca\/en\/wp-json\/wp\/v2\/product"}],"about":[{"href":"https:\/\/approcheparlapoupee.ca\/en\/wp-json\/wp\/v2\/types\/product"}],"replies":[{"embeddable":true,"href":"https:\/\/approcheparlapoupee.ca\/en\/wp-json\/wp\/v2\/comments?post=1516"}],"wp:featuredmedia":[{"embeddable":true,"href":"https:\/\/approcheparlapoupee.ca\/en\/wp-json\/wp\/v2\/media\/1508"}],"wp:attachment":[{"href":"https:\/\/approcheparlapoupee.ca\/en\/wp-json\/wp\/v2\/media?parent=1516"}],"wp:term":[{"taxonomy":"product_cat","embeddable":true,"href":"https:\/\/approcheparlapoupee.ca\/en\/wp-json\/wp\/v2\/product_cat?post=1516"},{"taxonomy":"product_tag","embeddable":true,"href":"https:\/\/approcheparlapoupee.ca\/en\/wp-json\/wp\/v2\/product_tag?post=1516"}],"curies":[{"name":"wp","href":"https:\/\/api.w.org\/{rel}","templated":true}]}}