{"id":1502,"date":"2024-10-30T18:23:47","date_gmt":"2024-10-30T18:23:47","guid":{"rendered":"https:\/\/approcheparlapoupee.ca\/produit\/poupee-en-tissu-pour-unite-prothetique\/"},"modified":"2025-10-18T04:49:44","modified_gmt":"2025-10-18T04:49:44","slug":"poupee-reborn-en-tissu-pour-unite-prothetique","status":"publish","type":"product","link":"https:\/\/approcheparlapoupee.ca\/en\/product\/poupee-reborn-en-tissu-pour-unite-prothetique\/","title":{"rendered":"Fabric doll for prosthetic unit"},"content":{"rendered":"<p>Poup\u00e9e Paul en tissu faite \u00e0 la main qui peut \u00eatre nettoy\u00e9e dans une taie d&#8217;oreiller. Elle va dans la laveuse et s\u00e9cheuse \u00e0 cycle d\u00e9licat. Elle est lest\u00e9e \u00e0 2 livres. Il mesure 22 pouces. Il porte des v\u00eatements pour b\u00e9b\u00e9 0-3 mois.<\/p>\n<p>On peut changer son pyjama et brosser ses cheveux, cette poup\u00e9e est id\u00e9ale pour les unit\u00e9s proth\u00e9tiques en chsld.<\/p>","protected":false},"excerpt":{"rendered":"<p>Poup\u00e9e Paul en tissu faite \u00e0 la main qui peut \u00eatre nettoy\u00e9e dans une taie d&#8217;oreiller. Elle va dans la laveuse et s\u00e9cheuse \u00e0 cycle d\u00e9licat. Elle est lest\u00e9e \u00e0 2 livres. Il mesure 22 pouces. Il porte des v\u00eatements pour b\u00e9b\u00e9 0-3 mois. On peut changer son pyjama et brosser ses cheveux, cette poup\u00e9e [&hellip;]<\/p>","protected":false},"featured_media":1501,"comment_status":"open","ping_status":"closed","template":"","meta":[],"product_cat":[19],"product_tag":[],"class_list":{"0":"post-1502","1":"product","2":"type-product","3":"status-publish","4":"has-post-thumbnail","6":"product_cat-poupees","8":"first","9":"outofstock","10":"taxable","11":"shipping-taxable","12":"purchasable","13":"product-type-simple"},"jetpack_sharing_enabled":true,"_links":{"self":[{"href":"https:\/\/approcheparlapoupee.ca\/en\/wp-json\/wp\/v2\/product\/1502","targetHints":{"allow":["GET"]}}],"collection":[{"href":"https:\/\/approcheparlapoupee.ca\/en\/wp-json\/wp\/v2\/product"}],"about":[{"href":"https:\/\/approcheparlapoupee.ca\/en\/wp-json\/wp\/v2\/types\/product"}],"replies":[{"embeddable":true,"href":"https:\/\/approcheparlapoupee.ca\/en\/wp-json\/wp\/v2\/comments?post=1502"}],"wp:featuredmedia":[{"embeddable":true,"href":"https:\/\/approcheparlapoupee.ca\/en\/wp-json\/wp\/v2\/media\/1501"}],"wp:attachment":[{"href":"https:\/\/approcheparlapoupee.ca\/en\/wp-json\/wp\/v2\/media?parent=1502"}],"wp:term":[{"taxonomy":"product_cat","embeddable":true,"href":"https:\/\/approcheparlapoupee.ca\/en\/wp-json\/wp\/v2\/product_cat?post=1502"},{"taxonomy":"product_tag","embeddable":true,"href":"https:\/\/approcheparlapoupee.ca\/en\/wp-json\/wp\/v2\/product_tag?post=1502"}],"curies":[{"name":"wp","href":"https:\/\/api.w.org\/{rel}","templated":true}]}}