{"id":1493,"date":"2024-10-27T02:48:37","date_gmt":"2024-10-27T02:48:37","guid":{"rendered":"https:\/\/approcheparlapoupee.ca\/produit\/activite-avec-poupees-therapeutiques-reborn-en-chsld\/"},"modified":"2025-10-27T15:20:58","modified_gmt":"2025-10-27T15:20:58","slug":"activite-avec-poupees-therapeutiques-reborn-en-chsld","status":"publish","type":"product","link":"https:\/\/approcheparlapoupee.ca\/en\/product\/activite-avec-poupees-therapeutiques-reborn-en-chsld\/","title":{"rendered":"Activity with therapeutic reborn dolls in CHSLDs"},"content":{"rendered":"<p>I offer fun recreational activities with realistic reborn dolls to residents of CHSLDs in my area around Montreal.<\/p>\n<p>A joyful group reminiscence activity where each resident can hold a doll, rock it and sing.<\/p>\n<p>I offer this joyful activity to residents who would like to give a bath to a special reborn doll. It's a much-appreciated activity, with all the materials needed to recreate these gestures from the past known to residents who were once parents themselves.<\/p>\n<p>Beautiful memories like giving a baby a bottle.<\/p>\n<p>J&#8217;apporte avec moi dans cette activit\u00e9 mon mat\u00e9riel sensoriel et une dizaine de poup\u00e9es r\u00e9alistes reborn. La dur\u00e9e de l&#8217;activit\u00e9 est selon les besoins de l&#8217;\u00e9tablissement. Possibilit\u00e9 de contrat de visites aux deux semaines ou une fois par mois selon vos besoins.<\/p>\n<p>We look forward to meeting you and sharing moments of joy, fun and comfort with your residents.<\/p>\n<p>Pour prendre un RV on peut me rejoindre par t\u00e9l\u00e9phone cellulaire au 514-977-3813<\/p>\n<p>We look forward to hearing from you,<\/p>\n<p>Louise<\/p>","protected":false},"excerpt":{"rendered":"<p>J&#8217;offre des activit\u00e9s de loisirs amusantes avec des poup\u00e9es r\u00e9alistes reborn aupr\u00e8s des r\u00e9sidents qui demeurent en CHSLD pr\u00e8s de ma r\u00e9gion autour de Montr\u00e9al. Une activit\u00e9 de r\u00e9miniscence joyeuse en groupe ou chaque r\u00e9sident peut prendre une poup\u00e9e dans ses bras, la bercer et chantonner. Durand cette activit\u00e9 joyeuse, j&#8217;offre \u00e0 des r\u00e9sidents qui [&hellip;]<\/p>","protected":false},"featured_media":1487,"comment_status":"open","ping_status":"closed","template":"","meta":[],"product_cat":[18],"product_tag":[],"class_list":{"0":"post-1493","1":"product","2":"type-product","3":"status-publish","4":"has-post-thumbnail","6":"product_cat-formation","8":"first","9":"outofstock","10":"taxable","11":"shipping-taxable","12":"purchasable","13":"product-type-simple"},"jetpack_sharing_enabled":true,"_links":{"self":[{"href":"https:\/\/approcheparlapoupee.ca\/en\/wp-json\/wp\/v2\/product\/1493","targetHints":{"allow":["GET"]}}],"collection":[{"href":"https:\/\/approcheparlapoupee.ca\/en\/wp-json\/wp\/v2\/product"}],"about":[{"href":"https:\/\/approcheparlapoupee.ca\/en\/wp-json\/wp\/v2\/types\/product"}],"replies":[{"embeddable":true,"href":"https:\/\/approcheparlapoupee.ca\/en\/wp-json\/wp\/v2\/comments?post=1493"}],"wp:featuredmedia":[{"embeddable":true,"href":"https:\/\/approcheparlapoupee.ca\/en\/wp-json\/wp\/v2\/media\/1487"}],"wp:attachment":[{"href":"https:\/\/approcheparlapoupee.ca\/en\/wp-json\/wp\/v2\/media?parent=1493"}],"wp:term":[{"taxonomy":"product_cat","embeddable":true,"href":"https:\/\/approcheparlapoupee.ca\/en\/wp-json\/wp\/v2\/product_cat?post=1493"},{"taxonomy":"product_tag","embeddable":true,"href":"https:\/\/approcheparlapoupee.ca\/en\/wp-json\/wp\/v2\/product_tag?post=1493"}],"curies":[{"name":"wp","href":"https:\/\/api.w.org\/{rel}","templated":true}]}}