{"id":1389,"date":"2024-09-16T04:22:41","date_gmt":"2024-09-16T04:22:41","guid":{"rendered":"https:\/\/approcheparlapoupee.ca\/produit\/poupee-en-silicone-partiel-avec-membres-complets-de-la-sculptrice-angela-lewis\/"},"modified":"2025-10-18T04:48:12","modified_gmt":"2025-10-18T04:48:12","slug":"poupee-reborn-en-silicone-partiel-avec-membres","status":"publish","type":"product","link":"https:\/\/approcheparlapoupee.ca\/en\/product\/poupee-reborn-en-silicone-partiel-avec-membres\/","title":{"rendered":"Partial silicone doll with full limbs by sculptor Angela Lewis"},"content":{"rendered":"<p>Partial Stella Silicone doll with full limbs on a cloth body by sculptor Angela Lewis. She measures 21 inches and weighs 6 pounds. She has a light baby scent powder wafer in her body. She wears newborn diapers and clothing size 0-3 month.  Her hair and eyelashes are rooted with blond mohair. Stella and her accessories will be fun for anyone who loves babies. She'll come with a modified pacifier, pacifier clip, blanket and many other accessories included in the box opening.<\/p>","protected":false},"excerpt":{"rendered":"<p>Poup\u00e9e en Silicone partiel Stella avec membres complets de la sculptrice Angela Lewis. Elle mesure 21 pouces et p\u00e8se 6 livres. Elle porte des couches et v\u00eatements grandeur nouveau-n\u00e9. Ses cheveux et cils sont en mohair blonds implant\u00e9s \u00e0 l&#8217;aiguille. Stella et ses accessoires seront amusants pour toute personne qui aiment les b\u00e9b\u00e9s. Elle viendra [&hellip;]<\/p>","protected":false},"featured_media":1368,"comment_status":"open","ping_status":"closed","template":"","meta":[],"product_cat":[19],"product_tag":[],"class_list":{"0":"post-1389","1":"product","2":"type-product","3":"status-publish","4":"has-post-thumbnail","6":"product_cat-poupees","8":"first","9":"outofstock","10":"taxable","11":"shipping-taxable","12":"purchasable","13":"product-type-simple"},"jetpack_sharing_enabled":true,"_links":{"self":[{"href":"https:\/\/approcheparlapoupee.ca\/en\/wp-json\/wp\/v2\/product\/1389","targetHints":{"allow":["GET"]}}],"collection":[{"href":"https:\/\/approcheparlapoupee.ca\/en\/wp-json\/wp\/v2\/product"}],"about":[{"href":"https:\/\/approcheparlapoupee.ca\/en\/wp-json\/wp\/v2\/types\/product"}],"replies":[{"embeddable":true,"href":"https:\/\/approcheparlapoupee.ca\/en\/wp-json\/wp\/v2\/comments?post=1389"}],"wp:featuredmedia":[{"embeddable":true,"href":"https:\/\/approcheparlapoupee.ca\/en\/wp-json\/wp\/v2\/media\/1368"}],"wp:attachment":[{"href":"https:\/\/approcheparlapoupee.ca\/en\/wp-json\/wp\/v2\/media?parent=1389"}],"wp:term":[{"taxonomy":"product_cat","embeddable":true,"href":"https:\/\/approcheparlapoupee.ca\/en\/wp-json\/wp\/v2\/product_cat?post=1389"},{"taxonomy":"product_tag","embeddable":true,"href":"https:\/\/approcheparlapoupee.ca\/en\/wp-json\/wp\/v2\/product_tag?post=1389"}],"curies":[{"name":"wp","href":"https:\/\/api.w.org\/{rel}","templated":true}]}}