{"id":1351,"date":"2024-09-16T03:57:49","date_gmt":"2024-09-16T03:57:49","guid":{"rendered":"https:\/\/approcheparlapoupee.ca\/produit\/poupee-reborn-modele-trisomique\/"},"modified":"2025-10-27T15:36:04","modified_gmt":"2025-10-27T15:36:04","slug":"poupee-reborn-modele-trisomique","status":"publish","type":"product","link":"https:\/\/approcheparlapoupee.ca\/en\/product\/poupee-reborn-modele-trisomique\/","title":{"rendered":"B\u00e9b\u00e9 Reborn trisomique gar\u00e7on ou fille"},"content":{"rendered":"<p>Poup\u00e9e Reborn Marilyne mod\u00e8le trisomique. Elle a les yeux en acrylique bleus. Mesure 20 pouces et p\u00e8se 5 livres. Ses cheveux et ses cils sont blonds en mohair implant\u00e9s \u00e0 l&#8217;aiguille. Elle porte des couches et des v\u00eatements 0-3 mois des grands magasins. Elle viendra avec une suce de pharmacie, une attache-suce et une couverture. Elle apportera de la joie et du r\u00e9confort pour toute personne qui vit avec la trisomie-21 et qui aiment les b\u00e9b\u00e9s. Id\u00e9ale pour l&#8217;identification, pour diminuer l&#8217;anxi\u00e9t\u00e9 et l&#8217;ennui. Selon les besoins je peux changer ses v\u00eatements et ce sera un gar\u00e7on !<\/p>","protected":false},"excerpt":{"rendered":"<p>Poup\u00e9e Reborn Marilyne mod\u00e8le trisomique. Elle a les yeux en acrylique bleus. Mesure 20 pouces et p\u00e8se 5 livres. Ses cheveux et ses cils sont blonds en mohair implant\u00e9s \u00e0 l&#8217;aiguille. Elle porte des couches et des v\u00eatements 0-3 mois des grands magasins. Elle viendra avec une suce de pharmacie, une attache-suce et une couverture. [&hellip;]<\/p>","protected":false},"featured_media":1350,"comment_status":"open","ping_status":"closed","template":"","meta":[],"product_cat":[19],"product_tag":[],"class_list":{"0":"post-1351","1":"product","2":"type-product","3":"status-publish","4":"has-post-thumbnail","6":"product_cat-poupees","8":"first","9":"outofstock","10":"taxable","11":"shipping-taxable","12":"purchasable","13":"product-type-simple"},"jetpack_sharing_enabled":true,"_links":{"self":[{"href":"https:\/\/approcheparlapoupee.ca\/en\/wp-json\/wp\/v2\/product\/1351","targetHints":{"allow":["GET"]}}],"collection":[{"href":"https:\/\/approcheparlapoupee.ca\/en\/wp-json\/wp\/v2\/product"}],"about":[{"href":"https:\/\/approcheparlapoupee.ca\/en\/wp-json\/wp\/v2\/types\/product"}],"replies":[{"embeddable":true,"href":"https:\/\/approcheparlapoupee.ca\/en\/wp-json\/wp\/v2\/comments?post=1351"}],"wp:featuredmedia":[{"embeddable":true,"href":"https:\/\/approcheparlapoupee.ca\/en\/wp-json\/wp\/v2\/media\/1350"}],"wp:attachment":[{"href":"https:\/\/approcheparlapoupee.ca\/en\/wp-json\/wp\/v2\/media?parent=1351"}],"wp:term":[{"taxonomy":"product_cat","embeddable":true,"href":"https:\/\/approcheparlapoupee.ca\/en\/wp-json\/wp\/v2\/product_cat?post=1351"},{"taxonomy":"product_tag","embeddable":true,"href":"https:\/\/approcheparlapoupee.ca\/en\/wp-json\/wp\/v2\/product_tag?post=1351"}],"curies":[{"name":"wp","href":"https:\/\/api.w.org\/{rel}","templated":true}]}}