{"id":1337,"date":"2024-09-16T03:46:36","date_gmt":"2024-09-16T03:46:36","guid":{"rendered":"https:\/\/approcheparlapoupee.ca\/produit\/poupee-reborn-asiatique-mei-ling-membres-complets\/"},"modified":"2025-10-27T15:37:10","modified_gmt":"2025-10-27T15:37:10","slug":"poupee-reborn-asiatique-mei-ling-membres-complets","status":"publish","type":"product","link":"https:\/\/approcheparlapoupee.ca\/en\/product\/poupee-reborn-asiatique-mei-ling-membres-complets\/","title":{"rendered":"Asian Reborn baby Mei-Ling full limbs"},"content":{"rendered":"<p>Poup\u00e9e Reborn model asiatique aux yeux ouverts bleus en acrylique. Elle poss\u00e8de des membres complets en vinyle. Elle p\u00e8se 4 livres. A les cheveux peints noirs et ses cils noirs sont implant\u00e9s \u00e0 l&#8217;aiguille. Elle mesure 18 pouces. Elle porte des couches et v\u00eatements pr\u00e9matur\u00e9s ainsi que 0-3 mois des grands magasins. Elle viendra avec une couverture. Id\u00e9ale pour les CHSLD.<\/p>","protected":false},"excerpt":{"rendered":"<p>Poup\u00e9e Reborn model asiatique aux yeux ouverts bleus en acrylique. Elle poss\u00e8de des membres complets en vinyle. Elle p\u00e8se 4 livres. A les cheveux peints noirs et ses cils noirs sont implant\u00e9s \u00e0 l&#8217;aiguille. Elle mesure 18 pouces. Elle porte des couches et v\u00eatements pr\u00e9matur\u00e9s ainsi que 0-3 mois des grands magasins. Elle viendra avec [&hellip;]<\/p>","protected":false},"featured_media":1336,"comment_status":"open","ping_status":"closed","template":"","meta":[],"product_cat":[19],"product_tag":[],"class_list":{"0":"post-1337","1":"product","2":"type-product","3":"status-publish","4":"has-post-thumbnail","6":"product_cat-poupees","8":"first","9":"outofstock","10":"taxable","11":"shipping-taxable","12":"purchasable","13":"product-type-simple"},"jetpack_sharing_enabled":true,"_links":{"self":[{"href":"https:\/\/approcheparlapoupee.ca\/en\/wp-json\/wp\/v2\/product\/1337","targetHints":{"allow":["GET"]}}],"collection":[{"href":"https:\/\/approcheparlapoupee.ca\/en\/wp-json\/wp\/v2\/product"}],"about":[{"href":"https:\/\/approcheparlapoupee.ca\/en\/wp-json\/wp\/v2\/types\/product"}],"replies":[{"embeddable":true,"href":"https:\/\/approcheparlapoupee.ca\/en\/wp-json\/wp\/v2\/comments?post=1337"}],"wp:featuredmedia":[{"embeddable":true,"href":"https:\/\/approcheparlapoupee.ca\/en\/wp-json\/wp\/v2\/media\/1336"}],"wp:attachment":[{"href":"https:\/\/approcheparlapoupee.ca\/en\/wp-json\/wp\/v2\/media?parent=1337"}],"wp:term":[{"taxonomy":"product_cat","embeddable":true,"href":"https:\/\/approcheparlapoupee.ca\/en\/wp-json\/wp\/v2\/product_cat?post=1337"},{"taxonomy":"product_tag","embeddable":true,"href":"https:\/\/approcheparlapoupee.ca\/en\/wp-json\/wp\/v2\/product_tag?post=1337"}],"curies":[{"name":"wp","href":"https:\/\/api.w.org\/{rel}","templated":true}]}}