{"id":1314,"date":"2024-09-16T03:06:23","date_gmt":"2024-09-16T03:06:23","guid":{"rendered":"https:\/\/approcheparlapoupee.ca\/produit\/poupee-reborn-calin-zack-modele-ethnique-disponible-sur-cds-boutique\/"},"modified":"2025-01-13T22:37:28","modified_gmt":"2025-01-13T22:37:28","slug":"poupee-reborn-calin-zack-modele-ethnique","status":"publish","type":"product","link":"https:\/\/approcheparlapoupee.ca\/en\/product\/poupee-reborn-calin-zack-modele-ethnique\/","title":{"rendered":"Cuddly Sasha ethnic Reborn doll available at CDS Boutique."},"content":{"rendered":"<p>Pretty model with brown acrylic eyes. The doll measures 20 inches and weighs 2.5 pounds. He has a vinyl head on a cloth body. His hair is painted black. His eyelashes are rooted with black mohair. He wears department stores diapers and 0-3 month clothes. He has a light baby scent powder wafer in his body. The doll can be dressed as a boy or a girl. He comes with a blanket, pacifier and pacifier clip. Ideal for long-term care facilities (CHSLD) residents. Doll available online or in the CDS boutique catalog.<\/p>","protected":false},"excerpt":{"rendered":"<p>Joli mod\u00e8le aux yeux bruns en acrylique. La poup\u00e9e mesure 20 pouces et p\u00e8se 2,5 livres. Elle poss\u00e8de une t\u00eate en vinyle sur un corps en tissu. Ses cheveux sont peints noirs. Ses cils sont en mohair noirs et implant\u00e9s \u00e0 l&#8217;aiguille. Elle porte des couches et v\u00eatements 0-3 mois des grands magasins. La poup\u00e9e [&hellip;]<\/p>","protected":false},"featured_media":1302,"comment_status":"open","ping_status":"closed","template":"","meta":[],"product_cat":[19],"product_tag":[],"class_list":{"0":"post-1314","1":"product","2":"type-product","3":"status-publish","4":"has-post-thumbnail","6":"product_cat-poupees","8":"first","9":"outofstock","10":"taxable","11":"shipping-taxable","12":"purchasable","13":"product-type-simple"},"jetpack_sharing_enabled":true,"_links":{"self":[{"href":"https:\/\/approcheparlapoupee.ca\/en\/wp-json\/wp\/v2\/product\/1314","targetHints":{"allow":["GET"]}}],"collection":[{"href":"https:\/\/approcheparlapoupee.ca\/en\/wp-json\/wp\/v2\/product"}],"about":[{"href":"https:\/\/approcheparlapoupee.ca\/en\/wp-json\/wp\/v2\/types\/product"}],"replies":[{"embeddable":true,"href":"https:\/\/approcheparlapoupee.ca\/en\/wp-json\/wp\/v2\/comments?post=1314"}],"wp:featuredmedia":[{"embeddable":true,"href":"https:\/\/approcheparlapoupee.ca\/en\/wp-json\/wp\/v2\/media\/1302"}],"wp:attachment":[{"href":"https:\/\/approcheparlapoupee.ca\/en\/wp-json\/wp\/v2\/media?parent=1314"}],"wp:term":[{"taxonomy":"product_cat","embeddable":true,"href":"https:\/\/approcheparlapoupee.ca\/en\/wp-json\/wp\/v2\/product_cat?post=1314"},{"taxonomy":"product_tag","embeddable":true,"href":"https:\/\/approcheparlapoupee.ca\/en\/wp-json\/wp\/v2\/product_tag?post=1314"}],"curies":[{"name":"wp","href":"https:\/\/api.w.org\/{rel}","templated":true}]}}