{"id":1301,"date":"2024-09-16T02:51:11","date_gmt":"2024-09-16T02:51:11","guid":{"rendered":"https:\/\/approcheparlapoupee.ca\/produit\/poupee-calin-souriante-coeur-qui-bat-cheveux-peints-disponible-sur-cds-boutique\/"},"modified":"2025-01-13T22:37:48","modified_gmt":"2025-01-13T22:37:48","slug":"poupee-reborn-calin-souriante-coeur-qui-bat-cheveux-peints","status":"publish","type":"product","link":"https:\/\/approcheparlapoupee.ca\/en\/product\/poupee-reborn-calin-souriante-coeur-qui-bat-cheveux-peints\/","title":{"rendered":"Cuddly Reborn doll Isabelle smiling beating heart painted hair available on CDS Boutique"},"content":{"rendered":"<p>Cuddly Isabelle reborn doll with painted blond hair. Has a battery operated system for a beating heart. Has a vinyl head on a cloth body. She has Acrylic blue eyes. She measures 19 inches and weighs 2.5 pounds. The eyelashes are rooted with blond mohair. She wears 0-3 month clothes and diapers from department stores. She has a light baby scent powder wafer in her body. She will come with a pacifier clip, a pacifier and a blanket. Ideal for seniors' homes. Doll available online or from the CDS catalog.<\/p>","protected":false},"excerpt":{"rendered":"<p>Poup\u00e9e c\u00e2lin Isabelle cheveux peints blonds poss\u00e8de un dispositif c\u0153ur qui bat. A une t\u00eate en vinyle sur un corps en tissu. Mod\u00e8le yeux ouverts bleus en acrylique. Elle mesure 19 pouces et p\u00e8se 2,5 livres. Les cils en mohair sont blonds piqu\u00e9s \u00e0 l&#8217;aiguille. Elle porte des v\u00eatements et couches 0-3 mois des grands [&hellip;]<\/p>","protected":false},"featured_media":1581,"comment_status":"open","ping_status":"closed","template":"","meta":[],"product_cat":[19],"product_tag":[],"class_list":{"0":"post-1301","1":"product","2":"type-product","3":"status-publish","4":"has-post-thumbnail","6":"product_cat-poupees","8":"first","9":"outofstock","10":"taxable","11":"shipping-taxable","12":"purchasable","13":"product-type-simple"},"jetpack_sharing_enabled":true,"_links":{"self":[{"href":"https:\/\/approcheparlapoupee.ca\/en\/wp-json\/wp\/v2\/product\/1301","targetHints":{"allow":["GET"]}}],"collection":[{"href":"https:\/\/approcheparlapoupee.ca\/en\/wp-json\/wp\/v2\/product"}],"about":[{"href":"https:\/\/approcheparlapoupee.ca\/en\/wp-json\/wp\/v2\/types\/product"}],"replies":[{"embeddable":true,"href":"https:\/\/approcheparlapoupee.ca\/en\/wp-json\/wp\/v2\/comments?post=1301"}],"wp:featuredmedia":[{"embeddable":true,"href":"https:\/\/approcheparlapoupee.ca\/en\/wp-json\/wp\/v2\/media\/1581"}],"wp:attachment":[{"href":"https:\/\/approcheparlapoupee.ca\/en\/wp-json\/wp\/v2\/media?parent=1301"}],"wp:term":[{"taxonomy":"product_cat","embeddable":true,"href":"https:\/\/approcheparlapoupee.ca\/en\/wp-json\/wp\/v2\/product_cat?post=1301"},{"taxonomy":"product_tag","embeddable":true,"href":"https:\/\/approcheparlapoupee.ca\/en\/wp-json\/wp\/v2\/product_tag?post=1301"}],"curies":[{"name":"wp","href":"https:\/\/api.w.org\/{rel}","templated":true}]}}